{"id":8,"date":"2018-04-25T09:16:16","date_gmt":"2018-04-25T09:16:16","guid":{"rendered":"http:\/\/demo.themefreesia.com\/photograph\/?page_id=8"},"modified":"2020-12-04T20:13:23","modified_gmt":"2020-12-04T19:13:23","slug":"laury-g","status":"publish","type":"page","link":"https:\/\/laurygmakeup.com\/index.php\/laury-g\/","title":{"rendered":"LAURY.G"},"content":{"rendered":"\n<div class=\"wp-block-group\"><div class=\"wp-block-group__inner-container\">\n<div class=\"wp-block-group alignwide\"><div class=\"wp-block-group__inner-container\">\n<h1 class=\"has-very-dark-gray-color has-text-color\"><strong>Maquilleuse Professionnelle<\/strong><\/h1>\n\n\n\n<p class=\"has-very-dark-gray-color has-text-color\">Dipl\u00f4m\u00e9e d\u2019un CAP d\u2019esth\u00e9tique en 2006.                                                                          Maquilleuse professionnelle depuis 2007\u00a0certifi\u00e9e par Make UP for ever <\/p>\n\n\n\n<p class=\"has-very-dark-gray-color has-text-color\">Bas\u00e9e sur Nice, exer\u00e7ant sur toute la r\u00e9gion PACA et Var, je peux \u00e9galement me rendre disponible dans toute la France et \u00e0 l\u2019\u00e9tranger sous conditions.<\/p>\n\n\n\n<p class=\"has-very-dark-gray-color has-text-color\">Mes 13 ans d\u2019exp\u00e9rience m&#8217;ont permis de travailler pour des \u00e9v\u00e9nements prestigieux ainsi que pour plusieurs artistes et personnalit\u00e9s.\u00a0<\/p>\n\n\n\n<p class=\"has-very-dark-gray-color has-text-color\">J\u2019ai par nature la rigueur et le s\u00e9rieux.\u00a0Je suis une passionn\u00e9e avant tout, toujours \u00e0 l\u2019\u00e9coute de ma client\u00e8le en respectant l\u2019envie de celle-ci qu\u2019elle soit naturel au plus sophistiqu\u00e9 en analysant rapidement la technique du maquillage qu\u2019il vous faut.\u00a0Mon plaisir est d\u2019apporter un r\u00e9el embellissement tout en respectant la personnalit\u00e9.\u00a0J\u2019utilise exclusivement des produits de marque professionnel comme M.A.C, Make Up For Ever, Bobby Brown\u2026<\/p>\n\n\n\n<p class=\"has-very-dark-gray-color has-text-color\">J\u2019exerce mon m\u00e9tier dans plusieurs domaines :<\/p>\n<\/div><\/div>\n<\/div><\/div>\n\n\n\n<h1 class=\"has-very-dark-gray-color has-text-color\">MARIAGE<\/h1>\n\n\n\n<p class=\"has-very-dark-gray-color has-text-color\">Le maquillage est une \u00e9tape tr\u00e8s importante pour cette journ\u00e9e si sp\u00e9ciale.<\/p>\n\n\n\n<p class=\"has-very-dark-gray-color has-text-color\">Je donne tous les conseils possible pour que vous soyez la plus resplendissante des mari\u00e9es , je suis \u00e0 l\u2019\u00e9coute pour d\u00e9finir le style choisi naturel, classique ou sophistiqu\u00e9.&nbsp;<\/p>\n\n\n\n<p class=\"has-very-dark-gray-color has-text-color\">Je r\u00e9aliserai ensuite un maquillage en harmonie avec vous, afin que vous vous sentiez au meilleur de vous m\u00eame et surtout avec des techniques professionnels pour obtenir un maquillage longue dur\u00e9e malgr\u00e9 les \u00e9motions.\u00a0<\/p>\n\n\n\n<h1 class=\"has-very-dark-gray-color has-text-color\">MODE<\/h1>\n\n\n\n<div class=\"wp-block-group has-very-dark-gray-color has-text-color\"><div class=\"wp-block-group__inner-container\">\n<p><strong>Shooting photo \u2013 d\u00e9fil\u00e9<\/strong><\/p>\n\n\n\n<h1>AUDIOVISUEL<\/h1>\n\n\n\n<p><strong>Television \u2013 Cin\u00e9ma \u2013 Clips musicaux \u2013 Publicit\u00e9<\/strong><\/p>\n\n\n\n<h1>ARTISTIQUE<\/h1>\n\n\n\n<p><strong>Spectacle<\/strong> \u2013 <strong>Cours d\u2019auto maquillage&nbsp;<\/strong>\u2013 <strong>Face painting<\/strong> \u2013 <strong>Body painting <\/strong>\u2013 <strong>Effets speciaux<\/strong><\/p>\n\n\n\n<p>Je vous laisse d\u00e9couvrir ma passion ainsi que mes diff\u00e9rents services \u00e0 travers mon site en vous souhaitant une bonne visite.&nbsp;<\/p>\n<\/div><\/div>\n","protected":false},"excerpt":{"rendered":"<p>MARIAGE Le maquillage est une \u00e9tape tr\u00e8s importante pour cette journ\u00e9e si sp\u00e9ciale. Je donne tous les conseils possible pour que vous soyez la plus&hellip; <\/p>\n","protected":false},"author":1,"featured_media":1255,"parent":0,"menu_order":0,"comment_status":"closed","ping_status":"closed","template":"page-templates\/aboutus-template.php","meta":[],"yoast_head":"<!-- This site is optimized with the Yoast SEO plugin v16.3 - https:\/\/yoast.com\/wordpress\/plugins\/seo\/ -->\n<title>LAURY.G - LAURY.G<\/title>\n<meta name=\"robots\" content=\"index, follow, max-snippet:-1, max-image-preview:large, max-video-preview:-1\" \/>\n<link rel=\"canonical\" href=\"https:\/\/laurygmakeup.com\/index.php\/laury-g\/\" \/>\n<meta property=\"og:locale\" content=\"fr_FR\" \/>\n<meta property=\"og:type\" content=\"article\" \/>\n<meta property=\"og:title\" content=\"LAURY.G - LAURY.G\" \/>\n<meta property=\"og:description\" content=\"MARIAGE Le maquillage est une \u00e9tape tr\u00e8s importante pour cette journ\u00e9e si sp\u00e9ciale. Je donne tous les conseils possible pour que vous soyez la plus&hellip;\" \/>\n<meta property=\"og:url\" content=\"https:\/\/laurygmakeup.com\/index.php\/laury-g\/\" \/>\n<meta property=\"og:site_name\" content=\"LAURY.G\" \/>\n<meta property=\"article:publisher\" content=\"https:\/\/www.facebook.com\/laurygmakeup\" \/>\n<meta property=\"article:modified_time\" content=\"2020-12-04T19:13:23+00:00\" \/>\n<meta property=\"og:image\" content=\"https:\/\/laurygmakeup.com\/wp-content\/uploads\/2020\/11\/teste-2.jpg\" \/>\n\t<meta property=\"og:image:width\" content=\"799\" \/>\n\t<meta property=\"og:image:height\" content=\"459\" \/>\n<meta name=\"twitter:card\" content=\"summary_large_image\" \/>\n<meta name=\"twitter:label1\" content=\"Dur\u00e9e de lecture est.\">\n\t<meta name=\"twitter:data1\" content=\"1 minute\">\n<script type=\"application\/ld+json\" class=\"yoast-schema-graph\">{\"@context\":\"https:\/\/schema.org\",\"@graph\":[{\"@type\":\"Organization\",\"@id\":\"https:\/\/laurygmakeup.com\/#organization\",\"name\":\"Laury G Make up\",\"url\":\"https:\/\/laurygmakeup.com\/\",\"sameAs\":[\"https:\/\/www.facebook.com\/laurygmakeup\",\"https:\/\/www.instagram.com\/laury_g_makeup\"],\"logo\":{\"@type\":\"ImageObject\",\"@id\":\"https:\/\/laurygmakeup.com\/#logo\",\"inLanguage\":\"fr-FR\",\"url\":\"https:\/\/laurygmakeup.com\/wp-content\/uploads\/2020\/06\/petitrondinsta2.png\",\"contentUrl\":\"https:\/\/laurygmakeup.com\/wp-content\/uploads\/2020\/06\/petitrondinsta2.png\",\"width\":2000,\"height\":2000,\"caption\":\"Laury G Make up\"},\"image\":{\"@id\":\"https:\/\/laurygmakeup.com\/#logo\"}},{\"@type\":\"WebSite\",\"@id\":\"https:\/\/laurygmakeup.com\/#website\",\"url\":\"https:\/\/laurygmakeup.com\/\",\"name\":\"LAURY.G\",\"description\":\"I&#039;M NOT PHOTOSHOP, I&#039;M A MAKE UP ARTIST\",\"publisher\":{\"@id\":\"https:\/\/laurygmakeup.com\/#organization\"},\"potentialAction\":[{\"@type\":\"SearchAction\",\"target\":\"https:\/\/laurygmakeup.com\/?s={search_term_string}\",\"query-input\":\"required name=search_term_string\"}],\"inLanguage\":\"fr-FR\"},{\"@type\":\"ImageObject\",\"@id\":\"https:\/\/laurygmakeup.com\/index.php\/laury-g\/#primaryimage\",\"inLanguage\":\"fr-FR\",\"url\":\"https:\/\/laurygmakeup.com\/wp-content\/uploads\/2020\/11\/teste-2.jpg\",\"contentUrl\":\"https:\/\/laurygmakeup.com\/wp-content\/uploads\/2020\/11\/teste-2.jpg\",\"width\":799,\"height\":459},{\"@type\":\"WebPage\",\"@id\":\"https:\/\/laurygmakeup.com\/index.php\/laury-g\/#webpage\",\"url\":\"https:\/\/laurygmakeup.com\/index.php\/laury-g\/\",\"name\":\"LAURY.G - LAURY.G\",\"isPartOf\":{\"@id\":\"https:\/\/laurygmakeup.com\/#website\"},\"primaryImageOfPage\":{\"@id\":\"https:\/\/laurygmakeup.com\/index.php\/laury-g\/#primaryimage\"},\"datePublished\":\"2018-04-25T09:16:16+00:00\",\"dateModified\":\"2020-12-04T19:13:23+00:00\",\"breadcrumb\":{\"@id\":\"https:\/\/laurygmakeup.com\/index.php\/laury-g\/#breadcrumb\"},\"inLanguage\":\"fr-FR\",\"potentialAction\":[{\"@type\":\"ReadAction\",\"target\":[\"https:\/\/laurygmakeup.com\/index.php\/laury-g\/\"]}]},{\"@type\":\"BreadcrumbList\",\"@id\":\"https:\/\/laurygmakeup.com\/index.php\/laury-g\/#breadcrumb\",\"itemListElement\":[{\"@type\":\"ListItem\",\"position\":1,\"item\":{\"@type\":\"WebPage\",\"@id\":\"https:\/\/laurygmakeup.com\/\",\"url\":\"https:\/\/laurygmakeup.com\/\",\"name\":\"Home\"}},{\"@type\":\"ListItem\",\"position\":2,\"item\":{\"@id\":\"https:\/\/laurygmakeup.com\/index.php\/laury-g\/#webpage\"}}]}]}<\/script>\n<!-- \/ Yoast SEO plugin. -->","_links":{"self":[{"href":"https:\/\/laurygmakeup.com\/index.php\/wp-json\/wp\/v2\/pages\/8"}],"collection":[{"href":"https:\/\/laurygmakeup.com\/index.php\/wp-json\/wp\/v2\/pages"}],"about":[{"href":"https:\/\/laurygmakeup.com\/index.php\/wp-json\/wp\/v2\/types\/page"}],"author":[{"embeddable":true,"href":"https:\/\/laurygmakeup.com\/index.php\/wp-json\/wp\/v2\/users\/1"}],"replies":[{"embeddable":true,"href":"https:\/\/laurygmakeup.com\/index.php\/wp-json\/wp\/v2\/comments?post=8"}],"version-history":[{"count":21,"href":"https:\/\/laurygmakeup.com\/index.php\/wp-json\/wp\/v2\/pages\/8\/revisions"}],"predecessor-version":[{"id":1961,"href":"https:\/\/laurygmakeup.com\/index.php\/wp-json\/wp\/v2\/pages\/8\/revisions\/1961"}],"wp:featuredmedia":[{"embeddable":true,"href":"https:\/\/laurygmakeup.com\/index.php\/wp-json\/wp\/v2\/media\/1255"}],"wp:attachment":[{"href":"https:\/\/laurygmakeup.com\/index.php\/wp-json\/wp\/v2\/media?parent=8"}],"curies":[{"name":"wp","href":"https:\/\/api.w.org\/{rel}","templated":true}]}}