{"id":209,"date":"2015-06-29T10:50:03","date_gmt":"2015-06-29T10:50:03","guid":{"rendered":""},"modified":"2020-12-04T17:59:38","modified_gmt":"2020-12-04T16:59:38","slug":"livredor","status":"publish","type":"page","link":"https:\/\/laurygmakeup.com\/index.php\/livredor\/","title":{"rendered":"LIVRE D&#8217;OR"},"content":{"rendered":"\n<div class=\"wp-block-group alignfull\"><div class=\"wp-block-group__inner-container\">\n<div class=\"wp-block-group alignfull\"><div class=\"wp-block-group__inner-container\">\n<div class=\"wp-block-group alignfull\"><div class=\"wp-block-group__inner-container\">\n<div class=\"wp-block-group alignfull has-black-color has-text-color\"><div class=\"wp-block-group__inner-container\">\n<h1 class=\"has-black-color has-text-color has-large-font-size\"><span class=\"has-inline-color has-black-color\">MERCI POUR VOTRE CONFIANCE&#8230;<\/span><\/h1>\n\n\n\n<hr class=\"wp-block-separator\"\/>\n\n\n\n<p><\/p>\n\n\n\n<div class=\"wp-block-group alignfull\"><div class=\"wp-block-group__inner-container\">\n<div class=\"wp-block-group has-black-color has-text-color\"><div class=\"wp-block-group__inner-container\"><div class=\"glsr glsr-twentyseventeen\" id=\"glsr_e29420b9\" data-block='' data-display='13' data-hide='[&quot;title&quot;,&quot;date&quot;,&quot;avatar&quot;]' data-id='glsr_e29420b9'><div class=\"glsr-reviews-wrap\">\n    <div class=\"glsr-reviews\">\n        <div class=\"glsr-review\" data-type=\"local\" id=\"review-1984\">\n    \n    <div class=\"glsr-review-rating\"><div class=\"glsr-star-rating glsr-stars\">\n    <span class=\"screen-reader-text\">Rated <strong>5<\/strong> out of 5<\/span>\n    <div class=\"glsr-star glsr-star-full\" aria-hidden=\"true\"><\/div><div class=\"glsr-star glsr-star-full\" aria-hidden=\"true\"><\/div><div class=\"glsr-star glsr-star-full\" aria-hidden=\"true\"><\/div><div class=\"glsr-star glsr-star-full\" aria-hidden=\"true\"><\/div><div class=\"glsr-star glsr-star-full\" aria-hidden=\"true\"><\/div>\n<\/div><\/div>\n    \n    \n    <div class=\"glsr-review-content\"><p>Laury a fait un super travail, tr\u00e8s professionnel mon maquillage mari\u00e9e ainsi que celui de mes demoiselles d\u2019honneur et tr\u00e8s bien tenue malgr\u00e9 la chaleur et les larmes! Je recommande ! Merci encore !<\/p><\/div>\n    \n    <div class=\"glsr-review-author\"><span>Andrea<\/span><\/div>\n    \n<\/div>\n<div class=\"glsr-review\" data-type=\"local\" id=\"review-1982\">\n    \n    <div class=\"glsr-review-rating\"><div class=\"glsr-star-rating glsr-stars\">\n    <span class=\"screen-reader-text\">Rated <strong>5<\/strong> out of 5<\/span>\n    <div class=\"glsr-star glsr-star-full\" aria-hidden=\"true\"><\/div><div class=\"glsr-star glsr-star-full\" aria-hidden=\"true\"><\/div><div class=\"glsr-star glsr-star-full\" aria-hidden=\"true\"><\/div><div class=\"glsr-star glsr-star-full\" aria-hidden=\"true\"><\/div><div class=\"glsr-star glsr-star-full\" aria-hidden=\"true\"><\/div>\n<\/div><\/div>\n    \n    \n    <div class=\"glsr-review-content\"><p>Laury did my makeup for my rehearsal dinner and wedding. She also did the makeup for my mother, mother in law and a few other ladies in my family. Everyone was blown away by her work. Everyone looked like the best version on themselves. My mom and I were taking pictures of all the makeup<span class=\"glsr-hidden glsr-hidden-text\" data-show-less='Show less' data-show-more='Show more' data-trigger='excerpt'> she was using we were so impressed. I hardly ever like my makeup when it is done by professionals because I go for a really natural look. We never did a trial since I live in the US but she did the most amazing job both nights!! I wish I lived closer to her to have my makeup done by her for other events. Laury is so talented!! Not to mention my mom looked ten years younger. I can\u2019t say enough good things about Laury!!<\/span><\/p><\/div>\n    \n    <div class=\"glsr-review-author\"><span>Keiana<\/span><\/div>\n    \n<\/div>\n<div class=\"glsr-review\" data-type=\"local\" id=\"review-1981\">\n    \n    <div class=\"glsr-review-rating\"><div class=\"glsr-star-rating glsr-stars\">\n    <span class=\"screen-reader-text\">Rated <strong>5<\/strong> out of 5<\/span>\n    <div class=\"glsr-star glsr-star-full\" aria-hidden=\"true\"><\/div><div class=\"glsr-star glsr-star-full\" aria-hidden=\"true\"><\/div><div class=\"glsr-star glsr-star-full\" aria-hidden=\"true\"><\/div><div class=\"glsr-star glsr-star-full\" aria-hidden=\"true\"><\/div><div class=\"glsr-star glsr-star-full\" aria-hidden=\"true\"><\/div>\n<\/div><\/div>\n    \n    \n    <div class=\"glsr-review-content\"><p>Je recommande Laury les yeux ferm\u00e9s ! Elle est tout simplement extraordinaire et a \u00e9t\u00e9 mon coup de c\u0153ur pour mon mariage et celui de mes chacunes de mes amies. Je suis tellement ravie de son travail que je n&#8217;aurais pas pu choisir mieux. Gr\u00e2ce \u00e0 son talent et \u00e0 son professionnalisme, j&#8217;ai eu le maquillage<span class=\"glsr-hidden glsr-hidden-text\" data-show-less='Show less' data-show-more='Show more' data-trigger='excerpt'> parfait dont je r\u00eavais ceci tout en \u00e9tant d\u00e9tendue. Elle a su capturer exactement ce que je voulais, m\u2019a fait me sentir belle et confiante tout au long de la journ\u00e9e. N&#8217;h\u00e9sitez pas une seconde \u00e0 faire appel \u00e0 elle. En plus d\u2019\u00eatre un soleil, c\u2019est une magicienne !! \u2665\ufe0f\u2665\ufe0f\u2665\ufe0f<\/span><\/p><\/div>\n    \n    <div class=\"glsr-review-author\"><span>Sarah<\/span><\/div>\n    \n<\/div>\n<div class=\"glsr-review\" data-type=\"local\" id=\"review-1973\">\n    \n    <div class=\"glsr-review-rating\"><div class=\"glsr-star-rating glsr-stars\">\n    <span class=\"screen-reader-text\">Rated <strong>5<\/strong> out of 5<\/span>\n    <div class=\"glsr-star glsr-star-full\" aria-hidden=\"true\"><\/div><div class=\"glsr-star glsr-star-full\" aria-hidden=\"true\"><\/div><div class=\"glsr-star glsr-star-full\" aria-hidden=\"true\"><\/div><div class=\"glsr-star glsr-star-full\" aria-hidden=\"true\"><\/div><div class=\"glsr-star glsr-star-full\" aria-hidden=\"true\"><\/div>\n<\/div><\/div>\n    \n    \n    <div class=\"glsr-review-content\"><p>Merci infiniment pour cette mise en beaut\u00e9 ! <br \/> Laury a su me sublimer pour me mon mariage, dans une ambiance d\u00e9tendue et pleine de bienveillance. <br \/> Un maquillage qui me correspondait si bien et qui a tenu parfaitement de 16h \u00e0 5h du matin malgr\u00e9 la canicule !<br \/> Largement au del\u00e0 de mes attentes !!! <br \/> Merci merci merci <br \/> H\u00e2te<span class=\"glsr-hidden glsr-hidden-text\" data-show-less='Show less' data-show-more='Show more' data-trigger='excerpt'> des prochaines f\u00eates dans le sud pour faire de nouveau appel \u00e0 vous<\/span><\/p><\/div>\n    \n    <div class=\"glsr-review-author\"><span>Naomi<\/span><\/div>\n    \n<\/div>\n<div class=\"glsr-review\" data-type=\"local\" id=\"review-1972\">\n    \n    <div class=\"glsr-review-rating\"><div class=\"glsr-star-rating glsr-stars\">\n    <span class=\"screen-reader-text\">Rated <strong>5<\/strong> out of 5<\/span>\n    <div class=\"glsr-star glsr-star-full\" aria-hidden=\"true\"><\/div><div class=\"glsr-star glsr-star-full\" aria-hidden=\"true\"><\/div><div class=\"glsr-star glsr-star-full\" aria-hidden=\"true\"><\/div><div class=\"glsr-star glsr-star-full\" aria-hidden=\"true\"><\/div><div class=\"glsr-star glsr-star-full\" aria-hidden=\"true\"><\/div>\n<\/div><\/div>\n    \n    \n    <div class=\"glsr-review-content\"><p>Laury est une r\u00e9elle artiste. Pas besoin de dire grand chose, elle sait sublimer chaque personne qui passe entre ses mains. Elle est douce, bienveillante &amp; tr\u00e8s professionnelle. <br \/> Merci mille fois, tu m\u2019as sublim\u00e9 moi, ainsi que mes proches pour mon mariage. J\u2019esp\u00e8re pouvoir faire appel \u00e0 toi pour d\u2019autres \u00e9v\u00e9nements \ud83d\ude0d<\/p><\/div>\n    \n    <div class=\"glsr-review-author\"><span>Kelly<\/span><\/div>\n    \n<\/div>\n<div class=\"glsr-review\" data-type=\"local\" id=\"review-1971\">\n    \n    <div class=\"glsr-review-rating\"><div class=\"glsr-star-rating glsr-stars\">\n    <span class=\"screen-reader-text\">Rated <strong>5<\/strong> out of 5<\/span>\n    <div class=\"glsr-star glsr-star-full\" aria-hidden=\"true\"><\/div><div class=\"glsr-star glsr-star-full\" aria-hidden=\"true\"><\/div><div class=\"glsr-star glsr-star-full\" aria-hidden=\"true\"><\/div><div class=\"glsr-star glsr-star-full\" aria-hidden=\"true\"><\/div><div class=\"glsr-star glsr-star-full\" aria-hidden=\"true\"><\/div>\n<\/div><\/div>\n    \n    \n    <div class=\"glsr-review-content\"><p>La prestation de Laury a \u00e9t\u00e9 incroyable !!! Le r\u00e9sultat est exceptionnel. La tenue du maquillage sans faille. Laury est tr\u00e8s est bienveillante \u00e0 l \u00e9gard de ses clientes. Je recommande \u00e0 1000%.<\/p><\/div>\n    \n    <div class=\"glsr-review-author\"><span>France<\/span><\/div>\n    \n<\/div>\n<div class=\"glsr-review\" data-type=\"local\" id=\"review-1970\">\n    \n    <div class=\"glsr-review-rating\"><div class=\"glsr-star-rating glsr-stars\">\n    <span class=\"screen-reader-text\">Rated <strong>5<\/strong> out of 5<\/span>\n    <div class=\"glsr-star glsr-star-full\" aria-hidden=\"true\"><\/div><div class=\"glsr-star glsr-star-full\" aria-hidden=\"true\"><\/div><div class=\"glsr-star glsr-star-full\" aria-hidden=\"true\"><\/div><div class=\"glsr-star glsr-star-full\" aria-hidden=\"true\"><\/div><div class=\"glsr-star glsr-star-full\" aria-hidden=\"true\"><\/div>\n<\/div><\/div>\n    \n    \n    <div class=\"glsr-review-content\"><p>Incroyable maquillage ! Laury est super, je ne me maquille jamais et elle a su me sublimer pour le mariage de ma s\u0153ur.<br \/> Un grand merci<\/p><\/div>\n    \n    <div class=\"glsr-review-author\"><span>Mathilde<\/span><\/div>\n    \n<\/div>\n<div class=\"glsr-review\" data-type=\"local\" id=\"review-1969\">\n    \n    <div class=\"glsr-review-rating\"><div class=\"glsr-star-rating glsr-stars\">\n    <span class=\"screen-reader-text\">Rated <strong>5<\/strong> out of 5<\/span>\n    <div class=\"glsr-star glsr-star-full\" aria-hidden=\"true\"><\/div><div class=\"glsr-star glsr-star-full\" aria-hidden=\"true\"><\/div><div class=\"glsr-star glsr-star-full\" aria-hidden=\"true\"><\/div><div class=\"glsr-star glsr-star-full\" aria-hidden=\"true\"><\/div><div class=\"glsr-star glsr-star-full\" aria-hidden=\"true\"><\/div>\n<\/div><\/div>\n    \n    \n    <div class=\"glsr-review-content\"><p>Merci Laury pour ta tr\u00e8s grande capacit\u00e9 \u00e0 nous avoir sublim\u00e9es, mes demoiselles d\u2019honneur et moi m\u00eame. J\u2019ai beaucoup appr\u00e9ci\u00e9 ta douceur, ta gentillesse et je n\u2019ai eu aucun mal \u00e0 te laisser carte blanche. Vraiment impressionn\u00e9e de la qualit\u00e9 du maquillage qui a affront\u00e9 les larmes et le dancefloor sous une chaleur intense ! <br \/> Encore<span class=\"glsr-hidden glsr-hidden-text\" data-show-less='Show less' data-show-more='Show more' data-trigger='excerpt'> merci<\/span><\/p><\/div>\n    \n    <div class=\"glsr-review-author\"><span>Julie<\/span><\/div>\n    \n<\/div>\n<div class=\"glsr-review\" data-type=\"local\" id=\"review-1968\">\n    \n    <div class=\"glsr-review-rating\"><div class=\"glsr-star-rating glsr-stars\">\n    <span class=\"screen-reader-text\">Rated <strong>5<\/strong> out of 5<\/span>\n    <div class=\"glsr-star glsr-star-full\" aria-hidden=\"true\"><\/div><div class=\"glsr-star glsr-star-full\" aria-hidden=\"true\"><\/div><div class=\"glsr-star glsr-star-full\" aria-hidden=\"true\"><\/div><div class=\"glsr-star glsr-star-full\" aria-hidden=\"true\"><\/div><div class=\"glsr-star glsr-star-full\" aria-hidden=\"true\"><\/div>\n<\/div><\/div>\n    \n    \n    <div class=\"glsr-review-content\"><p>Laury est une vrai pro et je me suis sentie confiante d\u00e8s notre premi\u00e8re appel. J&#8217;ai senti que je serais tr\u00e8s satisfaite m\u00eame sans un essai de maquillage au pr\u00e9alable et ce fut effectivement le cas. Laury est tr\u00e8s calme, patiente et tr\u00e8s talentueuse et je me suis sentie belle le jour de mon mariage<span class=\"glsr-hidden glsr-hidden-text\" data-show-less='Show less' data-show-more='Show more' data-trigger='excerpt'> et sur mes photos!<br \/> Merci \u00e0 Laury, je la recommande \u00e0 toutes les futures mari\u00e9es.<\/span><\/p><\/div>\n    \n    <div class=\"glsr-review-author\"><span>Caroline<\/span><\/div>\n    \n<\/div>\n<div class=\"glsr-review\" data-type=\"local\" id=\"review-1967\">\n    \n    <div class=\"glsr-review-rating\"><div class=\"glsr-star-rating glsr-stars\">\n    <span class=\"screen-reader-text\">Rated <strong>5<\/strong> out of 5<\/span>\n    <div class=\"glsr-star glsr-star-full\" aria-hidden=\"true\"><\/div><div class=\"glsr-star glsr-star-full\" aria-hidden=\"true\"><\/div><div class=\"glsr-star glsr-star-full\" aria-hidden=\"true\"><\/div><div class=\"glsr-star glsr-star-full\" aria-hidden=\"true\"><\/div><div class=\"glsr-star glsr-star-full\" aria-hidden=\"true\"><\/div>\n<\/div><\/div>\n    \n    \n    <div class=\"glsr-review-content\"><p>Merci \u00e0 Laury G du fond du c\u0153ur pour le magnifique maquillage qu\u2019elle a r\u00e9alis\u00e9 pour mon mariage. Gr\u00e2ce \u00e0 son talent je me suis sentie belle et confiante tout au long de la journ\u00e9e, ma maman mes s\u0153urs et moi avons re\u00e7u que des compliments sur notre make up qui a tenu jusqu\u2019au bout<span class=\"glsr-hidden glsr-hidden-text\" data-show-less='Show less' data-show-more='Show more' data-trigger='excerpt'> de la nuit. Un grand merci pour sa douceur et sa bonne humeur \u00e9galement. Je recommande vivement, c\u2019est la meilleure!<\/span><\/p><\/div>\n    \n    <div class=\"glsr-review-author\"><span>Sidney<\/span><\/div>\n    \n<\/div>\n<div class=\"glsr-review\" data-type=\"local\" id=\"review-1966\">\n    \n    <div class=\"glsr-review-rating\"><div class=\"glsr-star-rating glsr-stars\">\n    <span class=\"screen-reader-text\">Rated <strong>5<\/strong> out of 5<\/span>\n    <div class=\"glsr-star glsr-star-full\" aria-hidden=\"true\"><\/div><div class=\"glsr-star glsr-star-full\" aria-hidden=\"true\"><\/div><div class=\"glsr-star glsr-star-full\" aria-hidden=\"true\"><\/div><div class=\"glsr-star glsr-star-full\" aria-hidden=\"true\"><\/div><div class=\"glsr-star glsr-star-full\" aria-hidden=\"true\"><\/div>\n<\/div><\/div>\n    \n    \n    <div class=\"glsr-review-content\"><p>Laury est une maquilleuse exceptionnelle ! Son incroyable talent a su ressortir notre beaut\u00e9 naturelle, tant pour moi que pour mes invit\u00e9s. Le maquillage a tenu toute la nuit, malgr\u00e9 de nombreuses \u00e9motions. Laury est une v\u00e9ritable artiste, et sa gentillesse et bienveillance sont remarquables, de quoi d\u00e9tendre les mari\u00e9es les plus stress\u00e9es ! Encore merci, Laury<span class=\"glsr-hidden glsr-hidden-text\" data-show-less='Show less' data-show-more='Show more' data-trigger='excerpt'>, pour ce moment inoubliable.<\/span><\/p><\/div>\n    \n    <div class=\"glsr-review-author\"><span>Clara<\/span><\/div>\n    \n<\/div>\n<div class=\"glsr-review\" data-type=\"local\" id=\"review-1965\">\n    \n    <div class=\"glsr-review-rating\"><div class=\"glsr-star-rating glsr-stars\">\n    <span class=\"screen-reader-text\">Rated <strong>5<\/strong> out of 5<\/span>\n    <div class=\"glsr-star glsr-star-full\" aria-hidden=\"true\"><\/div><div class=\"glsr-star glsr-star-full\" aria-hidden=\"true\"><\/div><div class=\"glsr-star glsr-star-full\" aria-hidden=\"true\"><\/div><div class=\"glsr-star glsr-star-full\" aria-hidden=\"true\"><\/div><div class=\"glsr-star glsr-star-full\" aria-hidden=\"true\"><\/div>\n<\/div><\/div>\n    \n    \n    <div class=\"glsr-review-content\"><p>Laury est pour s\u00fbr une maquilleuse de talent, professionnel mais elle de surcroit une belle personne, toujours disponible et souriante.<br \/> B\u00e9r\u00e9nice &#8211; Studio Chamberlin<\/p><\/div>\n    \n    <div class=\"glsr-review-author\"><span>Berenice<\/span><\/div>\n    \n<\/div>\n<div class=\"glsr-review\" data-type=\"local\" id=\"review-1964\">\n    \n    <div class=\"glsr-review-rating\"><div class=\"glsr-star-rating glsr-stars\">\n    <span class=\"screen-reader-text\">Rated <strong>5<\/strong> out of 5<\/span>\n    <div class=\"glsr-star glsr-star-full\" aria-hidden=\"true\"><\/div><div class=\"glsr-star glsr-star-full\" aria-hidden=\"true\"><\/div><div class=\"glsr-star glsr-star-full\" aria-hidden=\"true\"><\/div><div class=\"glsr-star glsr-star-full\" aria-hidden=\"true\"><\/div><div class=\"glsr-star glsr-star-full\" aria-hidden=\"true\"><\/div>\n<\/div><\/div>\n    \n    \n    <div class=\"glsr-review-content\"><p>La wedding planneuse du mariage de mon fils m\u2019a recommand\u00e9 Laury pour mon maquillage et apr\u00e8s avoir vu son site Instagram et \u00e9chang\u00e9 avec elle au t\u00e9l\u00e9phone, j\u2019ai tout de suite sentie qu\u2019elle \u00e9tait la bonne personne. Elle est si douce et calme qu\u2019elle vous met \u00e0 l\u2019aise le jour J, et sait tout de<span class=\"glsr-hidden glsr-hidden-text\" data-show-less='Show less' data-show-more='Show more' data-trigger='excerpt'> suite ce qu\u2019il vous faut pour aller avec votre style et tenue. Elle m\u2019a sublim\u00e9e ! Avec un maquillage \u00e0 la fois naturel et exceptionnel. Je la recommande sans h\u00e9sitation.<\/span><\/p><\/div>\n    \n    <div class=\"glsr-review-author\"><span>Sandrine<\/span><\/div>\n    \n<\/div>\n    <\/div>\n    \n<\/div><\/div><\/div><\/div>\n<\/div><\/div>\n<\/div><\/div>\n<\/div><\/div>\n<\/div><\/div>\n<\/div><\/div>\n\n\n\n<div style=\"height:96px\" aria-hidden=\"true\" class=\"wp-block-spacer\"><\/div>\n\n\n<div class=\"glsr glsr-twentyseventeen\" id=\"glsr_45540fd1\" data-block='' data-hide='title' data-id='glsr_45540fd1'><div class=\"glsr-form-wrap\">\n    <form class=\"glsr-review-form glsr-form\" method=\"post\" enctype=\"multipart\/form-data\">\n        <input name=\"site-reviews[_action]\" type=\"hidden\" value=\"submit-review\"><input name=\"site-reviews[_counter]\" type=\"hidden\" value=\"\"><input name=\"site-reviews[_nonce]\" type=\"hidden\" value=\"1fb30fd440\"><input name=\"site-reviews[_post_id]\" type=\"hidden\" value=\"209\"><input name=\"site-reviews[_referer]\" type=\"hidden\" value=\"\/index.php\/wp-json\/wp\/v2\/pages\/209\"><input name=\"site-reviews[assigned_posts]\" type=\"hidden\" value=\"\"><input name=\"site-reviews[assigned_terms]\" type=\"hidden\" value=\"\"><input name=\"site-reviews[assigned_users]\" type=\"hidden\" value=\"\"><input name=\"site-reviews[excluded]\" type=\"hidden\" value=\"title\"><input name=\"site-reviews[form_id]\" type=\"hidden\" value=\"glsr_45540fd1\"><input name=\"site-reviews[terms_exist]\" type=\"hidden\" value=\"1\"><div class=\"glsr-field\" style=\"display:none;\"><label class=\"glsr-label glsr-label-text\" for=\"site-reviews-37c7fc98-glsr_45540fd1\"><span>Votre avis<\/span><\/label><input class=\"glsr-input glsr-input-text\" id=\"site-reviews-37c7fc98-glsr_45540fd1\" name=\"site-reviews[37c7fc98]\" type=\"text\" value=\"\"><\/div><div class=\"glsr-field glsr-field-rating glsr-required\" data-field=\"rating\">\n    <label class=\"glsr-label glsr-label-rating\" for=\"site-reviews-rating-glsr_45540fd1\"><span>Donnez une note <\/span><\/label>\n    <select class=\"glsr-select glsr-star-rating\" id=\"site-reviews-rating-glsr_45540fd1\" name=\"site-reviews[rating]\" required><option selected value=\"\">Select a Rating<\/option><option value=\"5\">5 Stars<\/option><option value=\"4\">4 Stars<\/option><option value=\"3\">3 Stars<\/option><option value=\"2\">2 Stars<\/option><option value=\"1\">1 Star<\/option><\/select>\n    <div class=\"glsr-field-error\"><\/div>\n<\/div><div class=\"glsr-field glsr-field-textarea glsr-required\" data-field=\"content\">\n    <label class=\"glsr-label glsr-label-textarea\" for=\"site-reviews-content-glsr_45540fd1\"><span>Votre avis<\/span><\/label>\n    <textarea class=\"glsr-textarea\" id=\"site-reviews-content-glsr_45540fd1\" name=\"site-reviews[content]\" placeholder=\"D\u00e9crivez votre experience ici\" rows=\"5\" required><\/textarea>\n    <div class=\"glsr-field-error\"><\/div>\n<\/div><div class=\"glsr-field glsr-field-text glsr-required\" data-field=\"name\">\n    <label class=\"glsr-label glsr-label-text\" for=\"site-reviews-name-glsr_45540fd1\"><span>Votre pr\u00e9nom<\/span><\/label>\n    <input class=\"glsr-input glsr-input-text\" id=\"site-reviews-name-glsr_45540fd1\" name=\"site-reviews[name]\" type=\"text\" placeholder=\"D\u00eetes-nous votre pr\u00e9nom\" required value=\"\">\n    <div class=\"glsr-field-error\"><\/div>\n<\/div><div class=\"glsr-field glsr-field-email glsr-required\" data-field=\"email\">\n    <label class=\"glsr-label glsr-label-email\" for=\"site-reviews-email-glsr_45540fd1\"><span>Votre email<\/span><\/label>\n    <input class=\"glsr-input glsr-input-email\" id=\"site-reviews-email-glsr_45540fd1\" name=\"site-reviews[email]\" type=\"email\" placeholder=\"Indiquez votre adresse email\" required value=\"\">\n    <div class=\"glsr-field-error\"><\/div>\n<\/div><div class=\"glsr-field glsr-field-choice glsr-required\" data-field=\"terms\">\n    \n    <span class=\"glsr-field-toggle\">\n    <span class=\"glsr-toggle\">\n        <label for=\"site-reviews-terms-glsr_45540fd1-1\">Cet avis est bas\u00e9 sur ma propre experience.<\/label>\n        <span class=\"glsr-toggle-switch\">\n            <input class=\"glsr-input-toggle\" id=\"site-reviews-terms-glsr_45540fd1-1\" name=\"site-reviews[terms]\" type=\"checkbox\" value=\"1\" required> &#8203; <!-- zero-space character used for alignment -->\n            <span class=\"glsr-toggle-track\"><\/span>\n        <\/span>\n    <\/span>\n<\/span>\n    <div class=\"glsr-field-error\"><\/div>\n<\/div>\n        <div class=\"glsr-form-message\">\n    \n<\/div>\n        <div data-field=\"submit-button\">\n    <button type=\"submit\" class=\"glsr-button button btn btn-primary\">\n        <span class=\"glsr-button-loading\"><\/span>\n        <span class=\"glsr-button-text\" data-text=\"Soumettre mon avis\">Soumettre mon avis<\/span>\n    <\/button>\n<\/div>\n    <\/form>\n<\/div><\/div>","protected":false},"excerpt":{"rendered":"","protected":false},"author":1,"featured_media":1883,"parent":0,"menu_order":0,"comment_status":"closed","ping_status":"closed","template":"page-templates\/aboutus-template.php","meta":[],"yoast_head":"<!-- This site is optimized with the Yoast SEO plugin v16.3 - https:\/\/yoast.com\/wordpress\/plugins\/seo\/ -->\n<title>LIVRE D&#039;OR - LAURY.G<\/title>\n<meta name=\"robots\" content=\"index, follow, max-snippet:-1, max-image-preview:large, max-video-preview:-1\" \/>\n<link rel=\"canonical\" href=\"https:\/\/laurygmakeup.com\/index.php\/laury-g__trashed\/livredor\/\" \/>\n<meta property=\"og:locale\" content=\"fr_FR\" \/>\n<meta property=\"og:type\" content=\"article\" \/>\n<meta property=\"og:title\" content=\"LIVRE D&#039;OR - LAURY.G\" \/>\n<meta property=\"og:url\" content=\"https:\/\/laurygmakeup.com\/index.php\/laury-g__trashed\/livredor\/\" \/>\n<meta property=\"og:site_name\" content=\"LAURY.G\" \/>\n<meta property=\"article:publisher\" content=\"https:\/\/www.facebook.com\/laurygmakeup\" \/>\n<meta property=\"article:modified_time\" content=\"2020-12-04T16:59:38+00:00\" \/>\n<meta property=\"og:image\" content=\"https:\/\/laurygmakeup.com\/wp-content\/uploads\/2020\/12\/livredor1.jpg\" \/>\n\t<meta property=\"og:image:width\" content=\"2480\" \/>\n\t<meta property=\"og:image:height\" content=\"1654\" \/>\n<meta name=\"twitter:card\" content=\"summary_large_image\" \/>\n<script type=\"application\/ld+json\" class=\"yoast-schema-graph\">{\"@context\":\"https:\/\/schema.org\",\"@graph\":[{\"@type\":\"Organization\",\"@id\":\"https:\/\/laurygmakeup.com\/#organization\",\"name\":\"Laury G Make up\",\"url\":\"https:\/\/laurygmakeup.com\/\",\"sameAs\":[\"https:\/\/www.facebook.com\/laurygmakeup\",\"https:\/\/www.instagram.com\/laury_g_makeup\"],\"logo\":{\"@type\":\"ImageObject\",\"@id\":\"https:\/\/laurygmakeup.com\/#logo\",\"inLanguage\":\"fr-FR\",\"url\":\"https:\/\/laurygmakeup.com\/wp-content\/uploads\/2020\/06\/petitrondinsta2.png\",\"contentUrl\":\"https:\/\/laurygmakeup.com\/wp-content\/uploads\/2020\/06\/petitrondinsta2.png\",\"width\":2000,\"height\":2000,\"caption\":\"Laury G Make up\"},\"image\":{\"@id\":\"https:\/\/laurygmakeup.com\/#logo\"}},{\"@type\":\"WebSite\",\"@id\":\"https:\/\/laurygmakeup.com\/#website\",\"url\":\"https:\/\/laurygmakeup.com\/\",\"name\":\"LAURY.G\",\"description\":\"I&#039;M NOT PHOTOSHOP, I&#039;M A MAKE UP ARTIST\",\"publisher\":{\"@id\":\"https:\/\/laurygmakeup.com\/#organization\"},\"potentialAction\":[{\"@type\":\"SearchAction\",\"target\":\"https:\/\/laurygmakeup.com\/?s={search_term_string}\",\"query-input\":\"required name=search_term_string\"}],\"inLanguage\":\"fr-FR\"},{\"@type\":\"ImageObject\",\"@id\":\"https:\/\/laurygmakeup.com\/index.php\/laury-g__trashed\/livredor\/#primaryimage\",\"inLanguage\":\"fr-FR\",\"url\":\"https:\/\/laurygmakeup.com\/wp-content\/uploads\/2020\/12\/livredor1.jpg\",\"contentUrl\":\"https:\/\/laurygmakeup.com\/wp-content\/uploads\/2020\/12\/livredor1.jpg\",\"width\":2480,\"height\":1654},{\"@type\":\"WebPage\",\"@id\":\"https:\/\/laurygmakeup.com\/index.php\/laury-g__trashed\/livredor\/#webpage\",\"url\":\"https:\/\/laurygmakeup.com\/index.php\/laury-g__trashed\/livredor\/\",\"name\":\"LIVRE D'OR - LAURY.G\",\"isPartOf\":{\"@id\":\"https:\/\/laurygmakeup.com\/#website\"},\"primaryImageOfPage\":{\"@id\":\"https:\/\/laurygmakeup.com\/index.php\/laury-g__trashed\/livredor\/#primaryimage\"},\"datePublished\":\"2015-06-29T10:50:03+00:00\",\"dateModified\":\"2020-12-04T16:59:38+00:00\",\"breadcrumb\":{\"@id\":\"https:\/\/laurygmakeup.com\/index.php\/laury-g__trashed\/livredor\/#breadcrumb\"},\"inLanguage\":\"fr-FR\",\"potentialAction\":[{\"@type\":\"ReadAction\",\"target\":[\"https:\/\/laurygmakeup.com\/index.php\/laury-g__trashed\/livredor\/\"]}]},{\"@type\":\"BreadcrumbList\",\"@id\":\"https:\/\/laurygmakeup.com\/index.php\/laury-g__trashed\/livredor\/#breadcrumb\",\"itemListElement\":[{\"@type\":\"ListItem\",\"position\":1,\"item\":{\"@type\":\"WebPage\",\"@id\":\"https:\/\/laurygmakeup.com\/\",\"url\":\"https:\/\/laurygmakeup.com\/\",\"name\":\"Home\"}},{\"@type\":\"ListItem\",\"position\":2,\"item\":{\"@id\":\"https:\/\/laurygmakeup.com\/index.php\/laury-g__trashed\/livredor\/#webpage\"}}]}]}<\/script>\n<!-- \/ Yoast SEO plugin. -->","_links":{"self":[{"href":"https:\/\/laurygmakeup.com\/index.php\/wp-json\/wp\/v2\/pages\/209"}],"collection":[{"href":"https:\/\/laurygmakeup.com\/index.php\/wp-json\/wp\/v2\/pages"}],"about":[{"href":"https:\/\/laurygmakeup.com\/index.php\/wp-json\/wp\/v2\/types\/page"}],"author":[{"embeddable":true,"href":"https:\/\/laurygmakeup.com\/index.php\/wp-json\/wp\/v2\/users\/1"}],"replies":[{"embeddable":true,"href":"https:\/\/laurygmakeup.com\/index.php\/wp-json\/wp\/v2\/comments?post=209"}],"version-history":[{"count":71,"href":"https:\/\/laurygmakeup.com\/index.php\/wp-json\/wp\/v2\/pages\/209\/revisions"}],"predecessor-version":[{"id":1886,"href":"https:\/\/laurygmakeup.com\/index.php\/wp-json\/wp\/v2\/pages\/209\/revisions\/1886"}],"wp:featuredmedia":[{"embeddable":true,"href":"https:\/\/laurygmakeup.com\/index.php\/wp-json\/wp\/v2\/media\/1883"}],"wp:attachment":[{"href":"https:\/\/laurygmakeup.com\/index.php\/wp-json\/wp\/v2\/media?parent=209"}],"curies":[{"name":"wp","href":"https:\/\/api.w.org\/{rel}","templated":true}]}}